{"id":373,"date":"2021-07-26T19:04:07","date_gmt":"2021-07-26T17:04:07","guid":{"rendered":"https:\/\/ive-commerce.hr\/strojna-obrada-klipnjaca\/"},"modified":"2023-01-07T22:09:25","modified_gmt":"2023-01-07T21:09:25","slug":"connecting-rods","status":"publish","type":"page","link":"https:\/\/ive-commerce.hr\/en\/connecting-rods\/","title":{"rendered":"Connecting rods"},"content":{"rendered":"<div class=\"wpb-content-wrapper\"><p>[vc_row][vc_column][vc_column_text]Being vital parts of engine, connecting rods re-manufacturing has been in our range of services for quite some time. Being limited only by the machine size, we are capable to offer servicing of almost all connecting rods in the small to mid size range.[\/vc_column_text][vc_row_inner][vc_column_inner width=&#8221;1\/2&#8243;][vc_column_text]Connecting rods are vital parts of engine assembly under constant movement and forces applied to them while at high temperatures. Due to hard conditions of work, there are several modes of failure they can undertake.<\/p>\n<p><strong>Our services within this sector of engine remanufacturing consist of:<\/strong><br \/>\n\u2022 Inspecting center to center lenght<br \/>\n\u2022 Inspection of the big and small end diameter<br \/>\n\u2022 Inspection of the big and small end distortion<br \/>\n\u2022 Inspection of the connecting rod twist distortion<br \/>\n\u2022 Inspection for cracks<br \/>\n\u2022 Heat deformation and material properties change due to heat input<br \/>\n\u2022 Boring<br \/>\n\u2022 Bushing<br \/>\n\u2022 Honing[\/vc_column_text][\/vc_column_inner][vc_column_inner width=&#8221;1\/2&#8243;][vc_single_image image=&#8221;241&#8243; img_size=&#8221;full&#8221;][\/vc_column_inner][\/vc_row_inner][\/vc_column][\/vc_row]<\/p>\n<\/div>","protected":false},"excerpt":{"rendered":"<p>[vc_row][vc_column][vc_column_text]Being vital parts of engine, connecting rods re-manufacturing has been in our range of services for quite some time. Being limited only by the machine size, we are capable to offer servicing of almost all connecting rods in the small to mid size range.[\/vc_column_text][vc_row_inner][vc_column_inner width=&#8221;1\/2&#8243;][vc_column_text]Connecting rods are vital parts of engine assembly under constant movement&hellip;<\/p>\n","protected":false},"author":1,"featured_media":0,"parent":0,"menu_order":0,"comment_status":"closed","ping_status":"closed","template":"","meta":{"footnotes":""},"class_list":["post-373","page","type-page","status-publish","hentry","description-off"],"yoast_head":"<!-- This site is optimized with the Yoast SEO plugin v24.9 - https:\/\/yoast.com\/wordpress\/plugins\/seo\/ -->\n<title>Connecting rods - Ive Commerce<\/title>\n<meta name=\"robots\" content=\"index, follow, max-snippet:-1, max-image-preview:large, max-video-preview:-1\" \/>\n<link rel=\"canonical\" href=\"https:\/\/ive-commerce.hr\/en\/strojna-obrada-klipnjaca\/\" \/>\n<meta property=\"og:locale\" content=\"en_US\" \/>\n<meta property=\"og:type\" content=\"article\" \/>\n<meta property=\"og:title\" content=\"Connecting rods - Ive Commerce\" \/>\n<meta property=\"og:description\" content=\"[vc_row][vc_column][vc_column_text]Being vital parts of engine, connecting rods re-manufacturing has been in our range of services for quite some time. Being limited only by the machine size, we are capable to offer servicing of almost all connecting rods in the small to mid size range.[\/vc_column_text][vc_row_inner][vc_column_inner width=&#8221;1\/2&#8243;][vc_column_text]Connecting rods are vital parts of engine assembly under constant movement&hellip;\" \/>\n<meta property=\"og:url\" content=\"https:\/\/ive-commerce.hr\/strojna-obrada-klipnjaca\/\" \/>\n<meta property=\"og:site_name\" content=\"Ive Commerce\" \/>\n<meta property=\"article:modified_time\" content=\"2023-01-07T21:09:25+00:00\" \/>\n<meta name=\"twitter:card\" content=\"summary_large_image\" \/>\n<meta name=\"twitter:label1\" content=\"Est. reading time\" \/>\n\t<meta name=\"twitter:data1\" content=\"1 minute\" \/>\n<script type=\"application\/ld+json\" class=\"yoast-schema-graph\">{\"@context\":\"https:\/\/schema.org\",\"@graph\":[{\"@type\":\"WebPage\",\"@id\":\"https:\/\/ive-commerce.hr\/strojna-obrada-klipnjaca\/\",\"url\":\"https:\/\/ive-commerce.hr\/strojna-obrada-klipnjaca\/\",\"name\":\"Connecting rods - Ive Commerce\",\"isPartOf\":{\"@id\":\"https:\/\/ive-commerce.hr\/#website\"},\"datePublished\":\"2021-07-26T17:04:07+00:00\",\"dateModified\":\"2023-01-07T21:09:25+00:00\",\"breadcrumb\":{\"@id\":\"https:\/\/ive-commerce.hr\/strojna-obrada-klipnjaca\/#breadcrumb\"},\"inLanguage\":\"en-US\",\"potentialAction\":[{\"@type\":\"ReadAction\",\"target\":[\"https:\/\/ive-commerce.hr\/strojna-obrada-klipnjaca\/\"]}]},{\"@type\":\"BreadcrumbList\",\"@id\":\"https:\/\/ive-commerce.hr\/strojna-obrada-klipnjaca\/#breadcrumb\",\"itemListElement\":[{\"@type\":\"ListItem\",\"position\":1,\"name\":\"Po\u010detna stranica\",\"item\":\"https:\/\/ive-commerce.hr\/en\/\"},{\"@type\":\"ListItem\",\"position\":2,\"name\":\"Connecting rods\"}]},{\"@type\":\"WebSite\",\"@id\":\"https:\/\/ive-commerce.hr\/#website\",\"url\":\"https:\/\/ive-commerce.hr\/\",\"name\":\"Ive Commerce\",\"description\":\"Servis Turbopunja\u010da, strojna obrada glava motora, \u010ci\u0161\u0107enje DPF-a\",\"publisher\":{\"@id\":\"https:\/\/ive-commerce.hr\/#organization\"},\"potentialAction\":[{\"@type\":\"SearchAction\",\"target\":{\"@type\":\"EntryPoint\",\"urlTemplate\":\"https:\/\/ive-commerce.hr\/?s={search_term_string}\"},\"query-input\":{\"@type\":\"PropertyValueSpecification\",\"valueRequired\":true,\"valueName\":\"search_term_string\"}}],\"inLanguage\":\"en-US\"},{\"@type\":\"Organization\",\"@id\":\"https:\/\/ive-commerce.hr\/#organization\",\"name\":\"Ive Commerce\",\"url\":\"https:\/\/ive-commerce.hr\/\",\"logo\":{\"@type\":\"ImageObject\",\"inLanguage\":\"en-US\",\"@id\":\"https:\/\/ive-commerce.hr\/#\/schema\/logo\/image\/\",\"url\":\"https:\/\/ive-commerce.hr\/wp-content\/uploads\/2021\/07\/ive-commerce-logo.png\",\"contentUrl\":\"https:\/\/ive-commerce.hr\/wp-content\/uploads\/2021\/07\/ive-commerce-logo.png\",\"width\":321,\"height\":65,\"caption\":\"Ive Commerce\"},\"image\":{\"@id\":\"https:\/\/ive-commerce.hr\/#\/schema\/logo\/image\/\"}}]}<\/script>\n<!-- \/ Yoast SEO plugin. -->","yoast_head_json":{"title":"Connecting rods - Ive Commerce","robots":{"index":"index","follow":"follow","max-snippet":"max-snippet:-1","max-image-preview":"max-image-preview:large","max-video-preview":"max-video-preview:-1"},"canonical":"https:\/\/ive-commerce.hr\/en\/strojna-obrada-klipnjaca\/","og_locale":"en_US","og_type":"article","og_title":"Connecting rods - Ive Commerce","og_description":"[vc_row][vc_column][vc_column_text]Being vital parts of engine, connecting rods re-manufacturing has been in our range of services for quite some time. Being limited only by the machine size, we are capable to offer servicing of almost all connecting rods in the small to mid size range.[\/vc_column_text][vc_row_inner][vc_column_inner width=&#8221;1\/2&#8243;][vc_column_text]Connecting rods are vital parts of engine assembly under constant movement&hellip;","og_url":"https:\/\/ive-commerce.hr\/strojna-obrada-klipnjaca\/","og_site_name":"Ive Commerce","article_modified_time":"2023-01-07T21:09:25+00:00","twitter_card":"summary_large_image","twitter_misc":{"Est. reading time":"1 minute"},"schema":{"@context":"https:\/\/schema.org","@graph":[{"@type":"WebPage","@id":"https:\/\/ive-commerce.hr\/strojna-obrada-klipnjaca\/","url":"https:\/\/ive-commerce.hr\/strojna-obrada-klipnjaca\/","name":"Connecting rods - Ive Commerce","isPartOf":{"@id":"https:\/\/ive-commerce.hr\/#website"},"datePublished":"2021-07-26T17:04:07+00:00","dateModified":"2023-01-07T21:09:25+00:00","breadcrumb":{"@id":"https:\/\/ive-commerce.hr\/strojna-obrada-klipnjaca\/#breadcrumb"},"inLanguage":"en-US","potentialAction":[{"@type":"ReadAction","target":["https:\/\/ive-commerce.hr\/strojna-obrada-klipnjaca\/"]}]},{"@type":"BreadcrumbList","@id":"https:\/\/ive-commerce.hr\/strojna-obrada-klipnjaca\/#breadcrumb","itemListElement":[{"@type":"ListItem","position":1,"name":"Po\u010detna stranica","item":"https:\/\/ive-commerce.hr\/en\/"},{"@type":"ListItem","position":2,"name":"Connecting rods"}]},{"@type":"WebSite","@id":"https:\/\/ive-commerce.hr\/#website","url":"https:\/\/ive-commerce.hr\/","name":"Ive Commerce","description":"Servis Turbopunja\u010da, strojna obrada glava motora, \u010ci\u0161\u0107enje DPF-a","publisher":{"@id":"https:\/\/ive-commerce.hr\/#organization"},"potentialAction":[{"@type":"SearchAction","target":{"@type":"EntryPoint","urlTemplate":"https:\/\/ive-commerce.hr\/?s={search_term_string}"},"query-input":{"@type":"PropertyValueSpecification","valueRequired":true,"valueName":"search_term_string"}}],"inLanguage":"en-US"},{"@type":"Organization","@id":"https:\/\/ive-commerce.hr\/#organization","name":"Ive Commerce","url":"https:\/\/ive-commerce.hr\/","logo":{"@type":"ImageObject","inLanguage":"en-US","@id":"https:\/\/ive-commerce.hr\/#\/schema\/logo\/image\/","url":"https:\/\/ive-commerce.hr\/wp-content\/uploads\/2021\/07\/ive-commerce-logo.png","contentUrl":"https:\/\/ive-commerce.hr\/wp-content\/uploads\/2021\/07\/ive-commerce-logo.png","width":321,"height":65,"caption":"Ive Commerce"},"image":{"@id":"https:\/\/ive-commerce.hr\/#\/schema\/logo\/image\/"}}]}},"_links":{"self":[{"href":"https:\/\/ive-commerce.hr\/en\/wp-json\/wp\/v2\/pages\/373","targetHints":{"allow":["GET"]}}],"collection":[{"href":"https:\/\/ive-commerce.hr\/en\/wp-json\/wp\/v2\/pages"}],"about":[{"href":"https:\/\/ive-commerce.hr\/en\/wp-json\/wp\/v2\/types\/page"}],"author":[{"embeddable":true,"href":"https:\/\/ive-commerce.hr\/en\/wp-json\/wp\/v2\/users\/1"}],"replies":[{"embeddable":true,"href":"https:\/\/ive-commerce.hr\/en\/wp-json\/wp\/v2\/comments?post=373"}],"version-history":[{"count":3,"href":"https:\/\/ive-commerce.hr\/en\/wp-json\/wp\/v2\/pages\/373\/revisions"}],"predecessor-version":[{"id":534,"href":"https:\/\/ive-commerce.hr\/en\/wp-json\/wp\/v2\/pages\/373\/revisions\/534"}],"wp:attachment":[{"href":"https:\/\/ive-commerce.hr\/en\/wp-json\/wp\/v2\/media?parent=373"}],"curies":[{"name":"wp","href":"https:\/\/api.w.org\/{rel}","templated":true}]}}