{"id":354,"date":"2021-07-26T19:03:37","date_gmt":"2021-07-26T17:03:37","guid":{"rendered":"https:\/\/ive-commerce.hr\/strojna-obrada-bloka-motora\/"},"modified":"2023-01-07T22:12:57","modified_gmt":"2023-01-07T21:12:57","slug":"cylinder-blocks-re-manufacturing","status":"publish","type":"page","link":"https:\/\/ive-commerce.hr\/en\/cylinder-blocks-re-manufacturing\/","title":{"rendered":"Cylinder blocks re-manufacturing"},"content":{"rendered":"<div class=\"wpb-content-wrapper\"><p>[vc_row][vc_column][vc_column_text]Based on the lifetime experience of an oldschool engineer, cylinder blocks were one of the first branches of engine re-manufacturing done in our company. Longtime experience is the main reason for us being able to return almost any cylinder block, only constraint being the size, in condition ready to serve you for years to come.<br \/>\nServices we offer within this sector:[\/vc_column_text][\/vc_column][\/vc_row][vc_row][vc_column][vc_row_inner][vc_column_inner width=&#8221;1\/3&#8243;][vc_single_image image=&#8221;220&#8243; img_size=&#8221;full&#8221;][vc_column_text]<\/p>\n<p style=\"text-align: center;\">Sleeving<\/p>\n<p>[\/vc_column_text][\/vc_column_inner][vc_column_inner width=&#8221;1\/3&#8243;][vc_single_image image=&#8221;222&#8243; img_size=&#8221;full&#8221;][vc_column_text]<\/p>\n<p style=\"text-align: center;\">Boring<\/p>\n<p>[\/vc_column_text][\/vc_column_inner][vc_column_inner width=&#8221;1\/3&#8243;][vc_single_image image=&#8221;224&#8243; img_size=&#8221;full&#8221;][vc_column_text]<\/p>\n<p style=\"text-align: center;\">Decking<\/p>\n<p>[\/vc_column_text][\/vc_column_inner][\/vc_row_inner][\/vc_column][\/vc_row][vc_row][vc_column][vc_row_inner][vc_column_inner width=&#8221;1\/3&#8243;][vc_single_image image=&#8221;226&#8243; img_size=&#8221;full&#8221;][vc_column_text]<\/p>\n<p style=\"text-align: center;\">Honing<\/p>\n<p>[\/vc_column_text][\/vc_column_inner][vc_column_inner width=&#8221;1\/3&#8243;][vc_single_image image=&#8221;227&#8243; img_size=&#8221;full&#8221;][vc_column_text]<\/p>\n<p style=\"text-align: center;\">Line boring<\/p>\n<p>[\/vc_column_text][\/vc_column_inner][vc_column_inner width=&#8221;1\/3&#8243;][\/vc_column_inner][\/vc_row_inner][\/vc_column][\/vc_row]<\/p>\n<\/div>","protected":false},"excerpt":{"rendered":"<p>[vc_row][vc_column][vc_column_text]Based on the lifetime experience of an oldschool engineer, cylinder blocks were one of the first branches of engine re-manufacturing done in our company. Longtime experience is the main reason for us being able to return almost any cylinder block, only constraint being the size, in condition ready to serve you for years to come.&hellip;<\/p>\n","protected":false},"author":1,"featured_media":0,"parent":0,"menu_order":0,"comment_status":"closed","ping_status":"closed","template":"","meta":{"footnotes":""},"class_list":["post-354","page","type-page","status-publish","hentry","description-off"],"yoast_head":"<!-- This site is optimized with the Yoast SEO plugin v24.9 - https:\/\/yoast.com\/wordpress\/plugins\/seo\/ -->\n<title>Cylinder blocks re-manufacturing - Ive Commerce<\/title>\n<meta name=\"robots\" content=\"index, follow, max-snippet:-1, max-image-preview:large, max-video-preview:-1\" \/>\n<link rel=\"canonical\" href=\"https:\/\/ive-commerce.hr\/en\/strojna-obrada-bloka-motora\/\" \/>\n<meta property=\"og:locale\" content=\"en_US\" \/>\n<meta property=\"og:type\" content=\"article\" \/>\n<meta property=\"og:title\" content=\"Cylinder blocks re-manufacturing - Ive Commerce\" \/>\n<meta property=\"og:description\" content=\"[vc_row][vc_column][vc_column_text]Based on the lifetime experience of an oldschool engineer, cylinder blocks were one of the first branches of engine re-manufacturing done in our company. Longtime experience is the main reason for us being able to return almost any cylinder block, only constraint being the size, in condition ready to serve you for years to come.&hellip;\" \/>\n<meta property=\"og:url\" content=\"https:\/\/ive-commerce.hr\/strojna-obrada-bloka-motora\/\" \/>\n<meta property=\"og:site_name\" content=\"Ive Commerce\" \/>\n<meta property=\"article:modified_time\" content=\"2023-01-07T21:12:57+00:00\" \/>\n<meta name=\"twitter:card\" content=\"summary_large_image\" \/>\n<meta name=\"twitter:label1\" content=\"Est. reading time\" \/>\n\t<meta name=\"twitter:data1\" content=\"1 minute\" \/>\n<script type=\"application\/ld+json\" class=\"yoast-schema-graph\">{\"@context\":\"https:\/\/schema.org\",\"@graph\":[{\"@type\":\"WebPage\",\"@id\":\"https:\/\/ive-commerce.hr\/strojna-obrada-bloka-motora\/\",\"url\":\"https:\/\/ive-commerce.hr\/strojna-obrada-bloka-motora\/\",\"name\":\"Cylinder blocks re-manufacturing - Ive Commerce\",\"isPartOf\":{\"@id\":\"https:\/\/ive-commerce.hr\/#website\"},\"datePublished\":\"2021-07-26T17:03:37+00:00\",\"dateModified\":\"2023-01-07T21:12:57+00:00\",\"breadcrumb\":{\"@id\":\"https:\/\/ive-commerce.hr\/strojna-obrada-bloka-motora\/#breadcrumb\"},\"inLanguage\":\"en-US\",\"potentialAction\":[{\"@type\":\"ReadAction\",\"target\":[\"https:\/\/ive-commerce.hr\/strojna-obrada-bloka-motora\/\"]}]},{\"@type\":\"BreadcrumbList\",\"@id\":\"https:\/\/ive-commerce.hr\/strojna-obrada-bloka-motora\/#breadcrumb\",\"itemListElement\":[{\"@type\":\"ListItem\",\"position\":1,\"name\":\"Po\u010detna stranica\",\"item\":\"https:\/\/ive-commerce.hr\/en\/\"},{\"@type\":\"ListItem\",\"position\":2,\"name\":\"Cylinder blocks re-manufacturing\"}]},{\"@type\":\"WebSite\",\"@id\":\"https:\/\/ive-commerce.hr\/#website\",\"url\":\"https:\/\/ive-commerce.hr\/\",\"name\":\"Ive Commerce\",\"description\":\"Servis Turbopunja\u010da, strojna obrada glava motora, \u010ci\u0161\u0107enje DPF-a\",\"publisher\":{\"@id\":\"https:\/\/ive-commerce.hr\/#organization\"},\"potentialAction\":[{\"@type\":\"SearchAction\",\"target\":{\"@type\":\"EntryPoint\",\"urlTemplate\":\"https:\/\/ive-commerce.hr\/?s={search_term_string}\"},\"query-input\":{\"@type\":\"PropertyValueSpecification\",\"valueRequired\":true,\"valueName\":\"search_term_string\"}}],\"inLanguage\":\"en-US\"},{\"@type\":\"Organization\",\"@id\":\"https:\/\/ive-commerce.hr\/#organization\",\"name\":\"Ive Commerce\",\"url\":\"https:\/\/ive-commerce.hr\/\",\"logo\":{\"@type\":\"ImageObject\",\"inLanguage\":\"en-US\",\"@id\":\"https:\/\/ive-commerce.hr\/#\/schema\/logo\/image\/\",\"url\":\"https:\/\/ive-commerce.hr\/wp-content\/uploads\/2021\/07\/ive-commerce-logo.png\",\"contentUrl\":\"https:\/\/ive-commerce.hr\/wp-content\/uploads\/2021\/07\/ive-commerce-logo.png\",\"width\":321,\"height\":65,\"caption\":\"Ive Commerce\"},\"image\":{\"@id\":\"https:\/\/ive-commerce.hr\/#\/schema\/logo\/image\/\"}}]}<\/script>\n<!-- \/ Yoast SEO plugin. -->","yoast_head_json":{"title":"Cylinder blocks re-manufacturing - Ive Commerce","robots":{"index":"index","follow":"follow","max-snippet":"max-snippet:-1","max-image-preview":"max-image-preview:large","max-video-preview":"max-video-preview:-1"},"canonical":"https:\/\/ive-commerce.hr\/en\/strojna-obrada-bloka-motora\/","og_locale":"en_US","og_type":"article","og_title":"Cylinder blocks re-manufacturing - Ive Commerce","og_description":"[vc_row][vc_column][vc_column_text]Based on the lifetime experience of an oldschool engineer, cylinder blocks were one of the first branches of engine re-manufacturing done in our company. Longtime experience is the main reason for us being able to return almost any cylinder block, only constraint being the size, in condition ready to serve you for years to come.&hellip;","og_url":"https:\/\/ive-commerce.hr\/strojna-obrada-bloka-motora\/","og_site_name":"Ive Commerce","article_modified_time":"2023-01-07T21:12:57+00:00","twitter_card":"summary_large_image","twitter_misc":{"Est. reading time":"1 minute"},"schema":{"@context":"https:\/\/schema.org","@graph":[{"@type":"WebPage","@id":"https:\/\/ive-commerce.hr\/strojna-obrada-bloka-motora\/","url":"https:\/\/ive-commerce.hr\/strojna-obrada-bloka-motora\/","name":"Cylinder blocks re-manufacturing - Ive Commerce","isPartOf":{"@id":"https:\/\/ive-commerce.hr\/#website"},"datePublished":"2021-07-26T17:03:37+00:00","dateModified":"2023-01-07T21:12:57+00:00","breadcrumb":{"@id":"https:\/\/ive-commerce.hr\/strojna-obrada-bloka-motora\/#breadcrumb"},"inLanguage":"en-US","potentialAction":[{"@type":"ReadAction","target":["https:\/\/ive-commerce.hr\/strojna-obrada-bloka-motora\/"]}]},{"@type":"BreadcrumbList","@id":"https:\/\/ive-commerce.hr\/strojna-obrada-bloka-motora\/#breadcrumb","itemListElement":[{"@type":"ListItem","position":1,"name":"Po\u010detna stranica","item":"https:\/\/ive-commerce.hr\/en\/"},{"@type":"ListItem","position":2,"name":"Cylinder blocks re-manufacturing"}]},{"@type":"WebSite","@id":"https:\/\/ive-commerce.hr\/#website","url":"https:\/\/ive-commerce.hr\/","name":"Ive Commerce","description":"Servis Turbopunja\u010da, strojna obrada glava motora, \u010ci\u0161\u0107enje DPF-a","publisher":{"@id":"https:\/\/ive-commerce.hr\/#organization"},"potentialAction":[{"@type":"SearchAction","target":{"@type":"EntryPoint","urlTemplate":"https:\/\/ive-commerce.hr\/?s={search_term_string}"},"query-input":{"@type":"PropertyValueSpecification","valueRequired":true,"valueName":"search_term_string"}}],"inLanguage":"en-US"},{"@type":"Organization","@id":"https:\/\/ive-commerce.hr\/#organization","name":"Ive Commerce","url":"https:\/\/ive-commerce.hr\/","logo":{"@type":"ImageObject","inLanguage":"en-US","@id":"https:\/\/ive-commerce.hr\/#\/schema\/logo\/image\/","url":"https:\/\/ive-commerce.hr\/wp-content\/uploads\/2021\/07\/ive-commerce-logo.png","contentUrl":"https:\/\/ive-commerce.hr\/wp-content\/uploads\/2021\/07\/ive-commerce-logo.png","width":321,"height":65,"caption":"Ive Commerce"},"image":{"@id":"https:\/\/ive-commerce.hr\/#\/schema\/logo\/image\/"}}]}},"_links":{"self":[{"href":"https:\/\/ive-commerce.hr\/en\/wp-json\/wp\/v2\/pages\/354","targetHints":{"allow":["GET"]}}],"collection":[{"href":"https:\/\/ive-commerce.hr\/en\/wp-json\/wp\/v2\/pages"}],"about":[{"href":"https:\/\/ive-commerce.hr\/en\/wp-json\/wp\/v2\/types\/page"}],"author":[{"embeddable":true,"href":"https:\/\/ive-commerce.hr\/en\/wp-json\/wp\/v2\/users\/1"}],"replies":[{"embeddable":true,"href":"https:\/\/ive-commerce.hr\/en\/wp-json\/wp\/v2\/comments?post=354"}],"version-history":[{"count":5,"href":"https:\/\/ive-commerce.hr\/en\/wp-json\/wp\/v2\/pages\/354\/revisions"}],"predecessor-version":[{"id":537,"href":"https:\/\/ive-commerce.hr\/en\/wp-json\/wp\/v2\/pages\/354\/revisions\/537"}],"wp:attachment":[{"href":"https:\/\/ive-commerce.hr\/en\/wp-json\/wp\/v2\/media?parent=354"}],"curies":[{"name":"wp","href":"https:\/\/api.w.org\/{rel}","templated":true}]}}