{"id":346,"date":"2021-07-26T19:03:25","date_gmt":"2021-07-26T17:03:25","guid":{"rendered":"https:\/\/ive-commerce.hr\/strojna-obrada-glava-motora\/"},"modified":"2023-01-07T22:13:40","modified_gmt":"2023-01-07T21:13:40","slug":"engine-re-manufacturing","status":"publish","type":"page","link":"https:\/\/ive-commerce.hr\/en\/engine-re-manufacturing\/","title":{"rendered":"Cylinder head re-manufacturing"},"content":{"rendered":"<div class=\"wpb-content-wrapper\"><p>[vc_row][vc_column][vc_column_text]Over the past 25 years we have been reconditioning cylinder heads and with each project building our extensive portfolio. Having a wide range of cylinder heads come in our workshop, we are highly experienced and prepared to take on a new challenge.<\/p>\n<p>By using top of the line modern machinery, constant investment in new technology and consistent investment in education you can rest assured that your cylinder head is being taken care of to the highest of the standards.<\/p>\n<p>Services we offer within this sector:[\/vc_column_text][\/vc_column][\/vc_row][vc_row][vc_column][vc_row_inner][vc_column_inner width=&#8221;1\/3&#8243;][vc_single_image image=&#8221;207&#8243; img_size=&#8221;full&#8221;][vc_column_text]<\/p>\n<p style=\"text-align: center;\">Pressure testing<\/p>\n<p>[\/vc_column_text][\/vc_column_inner][vc_column_inner width=&#8221;1\/3&#8243;][vc_single_image image=&#8221;208&#8243; img_size=&#8221;full&#8221;][vc_column_text]<\/p>\n<p style=\"text-align: center;\">Decking<\/p>\n<p>[\/vc_column_text][\/vc_column_inner][vc_column_inner width=&#8221;1\/3&#8243;][vc_single_image image=&#8221;210&#8243; img_size=&#8221;full&#8221;][vc_column_text]<\/p>\n<p style=\"text-align: center;\">Surface grinding<\/p>\n<p>[\/vc_column_text][\/vc_column_inner][\/vc_row_inner][\/vc_column][\/vc_row][vc_row][vc_column][vc_row_inner content_placement=&#8221;middle&#8221;][vc_column_inner width=&#8221;1\/3&#8243;][vc_single_image image=&#8221;213&#8243; img_size=&#8221;full&#8221;][vc_column_text]<\/p>\n<p style=\"text-align: center;\">Valve seat grinding \/ Replacement and grinding valve seats<\/p>\n<p>[\/vc_column_text][\/vc_column_inner][vc_column_inner width=&#8221;1\/3&#8243;][vc_single_image image=&#8221;481&#8243; img_size=&#8221;400&#215;300&#8243; alignment=&#8221;center&#8221;][vc_column_text]<\/p>\n<p style=\"text-align: center;\">Valve guide replacement<\/p>\n<p>[\/vc_column_text][\/vc_column_inner][vc_column_inner width=&#8221;1\/3&#8243;][vc_single_image image=&#8221;216&#8243; img_size=&#8221;full&#8221;][vc_column_text]<\/p>\n<p style=\"text-align: center;\">Valve grinding<\/p>\n<p>[\/vc_column_text][\/vc_column_inner][\/vc_row_inner][\/vc_column][\/vc_row]<\/p>\n<\/div>","protected":false},"excerpt":{"rendered":"<p>[vc_row][vc_column][vc_column_text]Over the past 25 years we have been reconditioning cylinder heads and with each project building our extensive portfolio. Having a wide range of cylinder heads come in our workshop, we are highly experienced and prepared to take on a new challenge. By using top of the line modern machinery, constant investment in new technology&hellip;<\/p>\n","protected":false},"author":1,"featured_media":0,"parent":0,"menu_order":0,"comment_status":"closed","ping_status":"closed","template":"","meta":{"footnotes":""},"class_list":["post-346","page","type-page","status-publish","hentry","description-off"],"yoast_head":"<!-- This site is optimized with the Yoast SEO plugin v24.9 - https:\/\/yoast.com\/wordpress\/plugins\/seo\/ -->\n<title>Cylinder head re-manufacturing - Ive Commerce<\/title>\n<meta name=\"robots\" content=\"index, follow, max-snippet:-1, max-image-preview:large, max-video-preview:-1\" \/>\n<link rel=\"canonical\" href=\"https:\/\/ive-commerce.hr\/en\/strojna-obrada-glava-motora\/\" \/>\n<meta property=\"og:locale\" content=\"en_US\" \/>\n<meta property=\"og:type\" content=\"article\" \/>\n<meta property=\"og:title\" content=\"Cylinder head re-manufacturing - Ive Commerce\" \/>\n<meta property=\"og:description\" content=\"[vc_row][vc_column][vc_column_text]Over the past 25 years we have been reconditioning cylinder heads and with each project building our extensive portfolio. Having a wide range of cylinder heads come in our workshop, we are highly experienced and prepared to take on a new challenge. By using top of the line modern machinery, constant investment in new technology&hellip;\" \/>\n<meta property=\"og:url\" content=\"https:\/\/ive-commerce.hr\/strojna-obrada-glava-motora\/\" \/>\n<meta property=\"og:site_name\" content=\"Ive Commerce\" \/>\n<meta property=\"article:modified_time\" content=\"2023-01-07T21:13:40+00:00\" \/>\n<meta name=\"twitter:card\" content=\"summary_large_image\" \/>\n<meta name=\"twitter:label1\" content=\"Est. reading time\" \/>\n\t<meta name=\"twitter:data1\" content=\"3 minutes\" \/>\n<script type=\"application\/ld+json\" class=\"yoast-schema-graph\">{\"@context\":\"https:\/\/schema.org\",\"@graph\":[{\"@type\":\"WebPage\",\"@id\":\"https:\/\/ive-commerce.hr\/strojna-obrada-glava-motora\/\",\"url\":\"https:\/\/ive-commerce.hr\/strojna-obrada-glava-motora\/\",\"name\":\"Cylinder head re-manufacturing - Ive Commerce\",\"isPartOf\":{\"@id\":\"https:\/\/ive-commerce.hr\/#website\"},\"datePublished\":\"2021-07-26T17:03:25+00:00\",\"dateModified\":\"2023-01-07T21:13:40+00:00\",\"breadcrumb\":{\"@id\":\"https:\/\/ive-commerce.hr\/strojna-obrada-glava-motora\/#breadcrumb\"},\"inLanguage\":\"en-US\",\"potentialAction\":[{\"@type\":\"ReadAction\",\"target\":[\"https:\/\/ive-commerce.hr\/strojna-obrada-glava-motora\/\"]}]},{\"@type\":\"BreadcrumbList\",\"@id\":\"https:\/\/ive-commerce.hr\/strojna-obrada-glava-motora\/#breadcrumb\",\"itemListElement\":[{\"@type\":\"ListItem\",\"position\":1,\"name\":\"Po\u010detna stranica\",\"item\":\"https:\/\/ive-commerce.hr\/en\/\"},{\"@type\":\"ListItem\",\"position\":2,\"name\":\"Cylinder head re-manufacturing\"}]},{\"@type\":\"WebSite\",\"@id\":\"https:\/\/ive-commerce.hr\/#website\",\"url\":\"https:\/\/ive-commerce.hr\/\",\"name\":\"Ive Commerce\",\"description\":\"Servis Turbopunja\u010da, strojna obrada glava motora, \u010ci\u0161\u0107enje DPF-a\",\"publisher\":{\"@id\":\"https:\/\/ive-commerce.hr\/#organization\"},\"potentialAction\":[{\"@type\":\"SearchAction\",\"target\":{\"@type\":\"EntryPoint\",\"urlTemplate\":\"https:\/\/ive-commerce.hr\/?s={search_term_string}\"},\"query-input\":{\"@type\":\"PropertyValueSpecification\",\"valueRequired\":true,\"valueName\":\"search_term_string\"}}],\"inLanguage\":\"en-US\"},{\"@type\":\"Organization\",\"@id\":\"https:\/\/ive-commerce.hr\/#organization\",\"name\":\"Ive Commerce\",\"url\":\"https:\/\/ive-commerce.hr\/\",\"logo\":{\"@type\":\"ImageObject\",\"inLanguage\":\"en-US\",\"@id\":\"https:\/\/ive-commerce.hr\/#\/schema\/logo\/image\/\",\"url\":\"https:\/\/ive-commerce.hr\/wp-content\/uploads\/2021\/07\/ive-commerce-logo.png\",\"contentUrl\":\"https:\/\/ive-commerce.hr\/wp-content\/uploads\/2021\/07\/ive-commerce-logo.png\",\"width\":321,\"height\":65,\"caption\":\"Ive Commerce\"},\"image\":{\"@id\":\"https:\/\/ive-commerce.hr\/#\/schema\/logo\/image\/\"}}]}<\/script>\n<!-- \/ Yoast SEO plugin. -->","yoast_head_json":{"title":"Cylinder head re-manufacturing - Ive Commerce","robots":{"index":"index","follow":"follow","max-snippet":"max-snippet:-1","max-image-preview":"max-image-preview:large","max-video-preview":"max-video-preview:-1"},"canonical":"https:\/\/ive-commerce.hr\/en\/strojna-obrada-glava-motora\/","og_locale":"en_US","og_type":"article","og_title":"Cylinder head re-manufacturing - Ive Commerce","og_description":"[vc_row][vc_column][vc_column_text]Over the past 25 years we have been reconditioning cylinder heads and with each project building our extensive portfolio. Having a wide range of cylinder heads come in our workshop, we are highly experienced and prepared to take on a new challenge. By using top of the line modern machinery, constant investment in new technology&hellip;","og_url":"https:\/\/ive-commerce.hr\/strojna-obrada-glava-motora\/","og_site_name":"Ive Commerce","article_modified_time":"2023-01-07T21:13:40+00:00","twitter_card":"summary_large_image","twitter_misc":{"Est. reading time":"3 minutes"},"schema":{"@context":"https:\/\/schema.org","@graph":[{"@type":"WebPage","@id":"https:\/\/ive-commerce.hr\/strojna-obrada-glava-motora\/","url":"https:\/\/ive-commerce.hr\/strojna-obrada-glava-motora\/","name":"Cylinder head re-manufacturing - Ive Commerce","isPartOf":{"@id":"https:\/\/ive-commerce.hr\/#website"},"datePublished":"2021-07-26T17:03:25+00:00","dateModified":"2023-01-07T21:13:40+00:00","breadcrumb":{"@id":"https:\/\/ive-commerce.hr\/strojna-obrada-glava-motora\/#breadcrumb"},"inLanguage":"en-US","potentialAction":[{"@type":"ReadAction","target":["https:\/\/ive-commerce.hr\/strojna-obrada-glava-motora\/"]}]},{"@type":"BreadcrumbList","@id":"https:\/\/ive-commerce.hr\/strojna-obrada-glava-motora\/#breadcrumb","itemListElement":[{"@type":"ListItem","position":1,"name":"Po\u010detna stranica","item":"https:\/\/ive-commerce.hr\/en\/"},{"@type":"ListItem","position":2,"name":"Cylinder head re-manufacturing"}]},{"@type":"WebSite","@id":"https:\/\/ive-commerce.hr\/#website","url":"https:\/\/ive-commerce.hr\/","name":"Ive Commerce","description":"Servis Turbopunja\u010da, strojna obrada glava motora, \u010ci\u0161\u0107enje DPF-a","publisher":{"@id":"https:\/\/ive-commerce.hr\/#organization"},"potentialAction":[{"@type":"SearchAction","target":{"@type":"EntryPoint","urlTemplate":"https:\/\/ive-commerce.hr\/?s={search_term_string}"},"query-input":{"@type":"PropertyValueSpecification","valueRequired":true,"valueName":"search_term_string"}}],"inLanguage":"en-US"},{"@type":"Organization","@id":"https:\/\/ive-commerce.hr\/#organization","name":"Ive Commerce","url":"https:\/\/ive-commerce.hr\/","logo":{"@type":"ImageObject","inLanguage":"en-US","@id":"https:\/\/ive-commerce.hr\/#\/schema\/logo\/image\/","url":"https:\/\/ive-commerce.hr\/wp-content\/uploads\/2021\/07\/ive-commerce-logo.png","contentUrl":"https:\/\/ive-commerce.hr\/wp-content\/uploads\/2021\/07\/ive-commerce-logo.png","width":321,"height":65,"caption":"Ive Commerce"},"image":{"@id":"https:\/\/ive-commerce.hr\/#\/schema\/logo\/image\/"}}]}},"_links":{"self":[{"href":"https:\/\/ive-commerce.hr\/en\/wp-json\/wp\/v2\/pages\/346","targetHints":{"allow":["GET"]}}],"collection":[{"href":"https:\/\/ive-commerce.hr\/en\/wp-json\/wp\/v2\/pages"}],"about":[{"href":"https:\/\/ive-commerce.hr\/en\/wp-json\/wp\/v2\/types\/page"}],"author":[{"embeddable":true,"href":"https:\/\/ive-commerce.hr\/en\/wp-json\/wp\/v2\/users\/1"}],"replies":[{"embeddable":true,"href":"https:\/\/ive-commerce.hr\/en\/wp-json\/wp\/v2\/comments?post=346"}],"version-history":[{"count":11,"href":"https:\/\/ive-commerce.hr\/en\/wp-json\/wp\/v2\/pages\/346\/revisions"}],"predecessor-version":[{"id":538,"href":"https:\/\/ive-commerce.hr\/en\/wp-json\/wp\/v2\/pages\/346\/revisions\/538"}],"wp:attachment":[{"href":"https:\/\/ive-commerce.hr\/en\/wp-json\/wp\/v2\/media?parent=346"}],"curies":[{"name":"wp","href":"https:\/\/api.w.org\/{rel}","templated":true}]}}