{"id":321,"date":"2021-07-26T19:02:26","date_gmt":"2021-07-26T17:02:26","guid":{"rendered":"https:\/\/ive-commerce.hr\/ciscenje-filtera-krutih-cestica-dpf\/"},"modified":"2023-01-07T22:16:26","modified_gmt":"2023-01-07T21:16:26","slug":"diesel-particulate-filters","status":"publish","type":"page","link":"https:\/\/ive-commerce.hr\/en\/diesel-particulate-filters\/","title":{"rendered":"Diesel particulate filters (DPF\u2019s)"},"content":{"rendered":"<div class=\"wpb-content-wrapper\"><p>[vc_row][vc_column][vc_column_text]Nowadays importance of environmental awareness is growing on daily basis. In order to protect us and the environment surrounding us from harmful particles leaving the internal combustion engines, multiple devices were developed and installed to help accomplish the common goal of healthier surroundings.<br \/>\nRange of services we offer withing this sector of our business:<\/p>\n<ul>\n<li>Detailed inspection of the DPF filter<\/li>\n<li>Testing the flow rate and the pressure at the exit of the Diesel Particulate Filter<\/li>\n<li>Cleaning the DPF<\/li>\n<li>Testing the flow rate and the pressure at the exit of the Diesel Particulate Filter post cleaning process<\/li>\n<li>Inspect the work done<\/li>\n<\/ul>\n<p>Diesel Particulate Filters most commonly known as DPF, just like any other component after a long use require service. Having invested in one of the latest machines on the market we now offer the cleaning service of your DPF in a record time.[\/vc_column_text][vc_row_inner][vc_column_inner width=&#8221;1\/2&#8243;][vc_single_image image=&#8221;169&#8243; img_size=&#8221;full&#8221; alignment=&#8221;center&#8221;][\/vc_column_inner][vc_column_inner width=&#8221;1\/2&#8243;][vc_single_image image=&#8221;172&#8243; img_size=&#8221;full&#8221; alignment=&#8221;center&#8221;][\/vc_column_inner][\/vc_row_inner][\/vc_column][\/vc_row]<\/p>\n<\/div>","protected":false},"excerpt":{"rendered":"<p>[vc_row][vc_column][vc_column_text]Nowadays importance of environmental awareness is growing on daily basis. In order to protect us and the environment surrounding us from harmful particles leaving the internal combustion engines, multiple devices were developed and installed to help accomplish the common goal of healthier surroundings. Range of services we offer withing this sector of our business: Detailed&hellip;<\/p>\n","protected":false},"author":1,"featured_media":0,"parent":0,"menu_order":0,"comment_status":"closed","ping_status":"closed","template":"","meta":{"footnotes":""},"class_list":["post-321","page","type-page","status-publish","hentry","description-off"],"yoast_head":"<!-- This site is optimized with the Yoast SEO plugin v24.9 - https:\/\/yoast.com\/wordpress\/plugins\/seo\/ -->\n<title>Diesel particulate filters (DPF\u2019s) - Ive Commerce<\/title>\n<meta name=\"robots\" content=\"index, follow, max-snippet:-1, max-image-preview:large, max-video-preview:-1\" \/>\n<link rel=\"canonical\" href=\"https:\/\/ive-commerce.hr\/en\/?page_id=95\" \/>\n<meta property=\"og:locale\" content=\"en_US\" \/>\n<meta property=\"og:type\" content=\"article\" \/>\n<meta property=\"og:title\" content=\"Diesel particulate filters (DPF\u2019s) - Ive Commerce\" \/>\n<meta property=\"og:description\" content=\"[vc_row][vc_column][vc_column_text]Nowadays importance of environmental awareness is growing on daily basis. In order to protect us and the environment surrounding us from harmful particles leaving the internal combustion engines, multiple devices were developed and installed to help accomplish the common goal of healthier surroundings. Range of services we offer withing this sector of our business: Detailed&hellip;\" \/>\n<meta property=\"og:url\" content=\"https:\/\/ive-commerce.hr\/?page_id=95\" \/>\n<meta property=\"og:site_name\" content=\"Ive Commerce\" \/>\n<meta property=\"article:modified_time\" content=\"2023-01-07T21:16:26+00:00\" \/>\n<meta name=\"twitter:card\" content=\"summary_large_image\" \/>\n<meta name=\"twitter:label1\" content=\"Est. reading time\" \/>\n\t<meta name=\"twitter:data1\" content=\"1 minute\" \/>\n<script type=\"application\/ld+json\" class=\"yoast-schema-graph\">{\"@context\":\"https:\/\/schema.org\",\"@graph\":[{\"@type\":\"WebPage\",\"@id\":\"https:\/\/ive-commerce.hr\/?page_id=95\",\"url\":\"https:\/\/ive-commerce.hr\/?page_id=95\",\"name\":\"Diesel particulate filters (DPF\u2019s) - Ive Commerce\",\"isPartOf\":{\"@id\":\"https:\/\/ive-commerce.hr\/#website\"},\"datePublished\":\"2021-07-26T17:02:26+00:00\",\"dateModified\":\"2023-01-07T21:16:26+00:00\",\"breadcrumb\":{\"@id\":\"https:\/\/ive-commerce.hr\/?page_id=95#breadcrumb\"},\"inLanguage\":\"en-US\",\"potentialAction\":[{\"@type\":\"ReadAction\",\"target\":[\"https:\/\/ive-commerce.hr\/?page_id=95\"]}]},{\"@type\":\"BreadcrumbList\",\"@id\":\"https:\/\/ive-commerce.hr\/?page_id=95#breadcrumb\",\"itemListElement\":[{\"@type\":\"ListItem\",\"position\":1,\"name\":\"Po\u010detna stranica\",\"item\":\"https:\/\/ive-commerce.hr\/en\/\"},{\"@type\":\"ListItem\",\"position\":2,\"name\":\"Diesel particulate filters (DPF\u2019s)\"}]},{\"@type\":\"WebSite\",\"@id\":\"https:\/\/ive-commerce.hr\/#website\",\"url\":\"https:\/\/ive-commerce.hr\/\",\"name\":\"Ive Commerce\",\"description\":\"Servis Turbopunja\u010da, strojna obrada glava motora, \u010ci\u0161\u0107enje DPF-a\",\"publisher\":{\"@id\":\"https:\/\/ive-commerce.hr\/#organization\"},\"potentialAction\":[{\"@type\":\"SearchAction\",\"target\":{\"@type\":\"EntryPoint\",\"urlTemplate\":\"https:\/\/ive-commerce.hr\/?s={search_term_string}\"},\"query-input\":{\"@type\":\"PropertyValueSpecification\",\"valueRequired\":true,\"valueName\":\"search_term_string\"}}],\"inLanguage\":\"en-US\"},{\"@type\":\"Organization\",\"@id\":\"https:\/\/ive-commerce.hr\/#organization\",\"name\":\"Ive Commerce\",\"url\":\"https:\/\/ive-commerce.hr\/\",\"logo\":{\"@type\":\"ImageObject\",\"inLanguage\":\"en-US\",\"@id\":\"https:\/\/ive-commerce.hr\/#\/schema\/logo\/image\/\",\"url\":\"https:\/\/ive-commerce.hr\/wp-content\/uploads\/2021\/07\/ive-commerce-logo.png\",\"contentUrl\":\"https:\/\/ive-commerce.hr\/wp-content\/uploads\/2021\/07\/ive-commerce-logo.png\",\"width\":321,\"height\":65,\"caption\":\"Ive Commerce\"},\"image\":{\"@id\":\"https:\/\/ive-commerce.hr\/#\/schema\/logo\/image\/\"}}]}<\/script>\n<!-- \/ Yoast SEO plugin. -->","yoast_head_json":{"title":"Diesel particulate filters (DPF\u2019s) - Ive Commerce","robots":{"index":"index","follow":"follow","max-snippet":"max-snippet:-1","max-image-preview":"max-image-preview:large","max-video-preview":"max-video-preview:-1"},"canonical":"https:\/\/ive-commerce.hr\/en\/?page_id=95","og_locale":"en_US","og_type":"article","og_title":"Diesel particulate filters (DPF\u2019s) - Ive Commerce","og_description":"[vc_row][vc_column][vc_column_text]Nowadays importance of environmental awareness is growing on daily basis. In order to protect us and the environment surrounding us from harmful particles leaving the internal combustion engines, multiple devices were developed and installed to help accomplish the common goal of healthier surroundings. Range of services we offer withing this sector of our business: Detailed&hellip;","og_url":"https:\/\/ive-commerce.hr\/?page_id=95","og_site_name":"Ive Commerce","article_modified_time":"2023-01-07T21:16:26+00:00","twitter_card":"summary_large_image","twitter_misc":{"Est. reading time":"1 minute"},"schema":{"@context":"https:\/\/schema.org","@graph":[{"@type":"WebPage","@id":"https:\/\/ive-commerce.hr\/?page_id=95","url":"https:\/\/ive-commerce.hr\/?page_id=95","name":"Diesel particulate filters (DPF\u2019s) - Ive Commerce","isPartOf":{"@id":"https:\/\/ive-commerce.hr\/#website"},"datePublished":"2021-07-26T17:02:26+00:00","dateModified":"2023-01-07T21:16:26+00:00","breadcrumb":{"@id":"https:\/\/ive-commerce.hr\/?page_id=95#breadcrumb"},"inLanguage":"en-US","potentialAction":[{"@type":"ReadAction","target":["https:\/\/ive-commerce.hr\/?page_id=95"]}]},{"@type":"BreadcrumbList","@id":"https:\/\/ive-commerce.hr\/?page_id=95#breadcrumb","itemListElement":[{"@type":"ListItem","position":1,"name":"Po\u010detna stranica","item":"https:\/\/ive-commerce.hr\/en\/"},{"@type":"ListItem","position":2,"name":"Diesel particulate filters (DPF\u2019s)"}]},{"@type":"WebSite","@id":"https:\/\/ive-commerce.hr\/#website","url":"https:\/\/ive-commerce.hr\/","name":"Ive Commerce","description":"Servis Turbopunja\u010da, strojna obrada glava motora, \u010ci\u0161\u0107enje DPF-a","publisher":{"@id":"https:\/\/ive-commerce.hr\/#organization"},"potentialAction":[{"@type":"SearchAction","target":{"@type":"EntryPoint","urlTemplate":"https:\/\/ive-commerce.hr\/?s={search_term_string}"},"query-input":{"@type":"PropertyValueSpecification","valueRequired":true,"valueName":"search_term_string"}}],"inLanguage":"en-US"},{"@type":"Organization","@id":"https:\/\/ive-commerce.hr\/#organization","name":"Ive Commerce","url":"https:\/\/ive-commerce.hr\/","logo":{"@type":"ImageObject","inLanguage":"en-US","@id":"https:\/\/ive-commerce.hr\/#\/schema\/logo\/image\/","url":"https:\/\/ive-commerce.hr\/wp-content\/uploads\/2021\/07\/ive-commerce-logo.png","contentUrl":"https:\/\/ive-commerce.hr\/wp-content\/uploads\/2021\/07\/ive-commerce-logo.png","width":321,"height":65,"caption":"Ive Commerce"},"image":{"@id":"https:\/\/ive-commerce.hr\/#\/schema\/logo\/image\/"}}]}},"_links":{"self":[{"href":"https:\/\/ive-commerce.hr\/en\/wp-json\/wp\/v2\/pages\/321","targetHints":{"allow":["GET"]}}],"collection":[{"href":"https:\/\/ive-commerce.hr\/en\/wp-json\/wp\/v2\/pages"}],"about":[{"href":"https:\/\/ive-commerce.hr\/en\/wp-json\/wp\/v2\/types\/page"}],"author":[{"embeddable":true,"href":"https:\/\/ive-commerce.hr\/en\/wp-json\/wp\/v2\/users\/1"}],"replies":[{"embeddable":true,"href":"https:\/\/ive-commerce.hr\/en\/wp-json\/wp\/v2\/comments?post=321"}],"version-history":[{"count":3,"href":"https:\/\/ive-commerce.hr\/en\/wp-json\/wp\/v2\/pages\/321\/revisions"}],"predecessor-version":[{"id":541,"href":"https:\/\/ive-commerce.hr\/en\/wp-json\/wp\/v2\/pages\/321\/revisions\/541"}],"wp:attachment":[{"href":"https:\/\/ive-commerce.hr\/en\/wp-json\/wp\/v2\/media?parent=321"}],"curies":[{"name":"wp","href":"https:\/\/api.w.org\/{rel}","templated":true}]}}