{"id":307,"date":"2021-07-26T19:01:18","date_gmt":"2021-07-26T17:01:18","guid":{"rendered":"https:\/\/ive-commerce.hr\/servis-turbopunjaca\/"},"modified":"2023-01-07T22:20:06","modified_gmt":"2023-01-07T21:20:06","slug":"turbocharger-service","status":"publish","type":"page","link":"https:\/\/ive-commerce.hr\/en\/turbocharger-service\/","title":{"rendered":"Turbocharger service"},"content":{"rendered":"<div class=\"wpb-content-wrapper\"><p>[vc_row][vc_column][vc_column_text]With over 20 years of experience in turbocharger repairs, our consistent investments in the new technology have allowed us to find solutions to some of the most challenging problems that our long term trusted as well as new customers are facing.<\/p>\n<p>We offer a wide range of services within the turbocharger servicing sector, covering both the on and off-shore engines.[\/vc_column_text][vc_single_image image=&#8221;135&#8243; img_size=&#8221;full&#8221; alignment=&#8221;center&#8221;][\/vc_column][\/vc_row][vc_row][vc_column]<div id=\"ultimate-heading-330469d4405fb6285\" class=\"uvc-heading ult-adjust-bottom-margin ultimate-heading-330469d4405fb6285 uvc-5862  uvc-heading-default-font-sizes\" data-hspacer=\"no_spacer\"  data-halign=\"center\" style=\"text-align:center\"><div class=\"uvc-heading-spacer no_spacer\" style=\"top\"><\/div><div class=\"uvc-main-heading ult-responsive\"  data-ultimate-target='.uvc-heading.ultimate-heading-330469d4405fb6285 h2'  data-responsive-json-new='{\"font-size\":\"\",\"line-height\":\"\"}' ><h2 style=\"--font-weight:theme;margin-top:30px;margin-bottom:30px;\">Our services within turbocharger servicing sector comprise of:<\/h2><\/div><\/div>[vc_row_inner][vc_column_inner width=&#8221;1\/2&#8243;][vc_single_image image=&#8221;151&#8243; img_size=&#8221;full&#8221; alignment=&#8221;center&#8221;][vc_column_text]<\/p>\n<p style=\"text-align: center;\">Damage assesment<\/p>\n<p>[\/vc_column_text][\/vc_column_inner][vc_column_inner width=&#8221;1\/2&#8243;][vc_single_image image=&#8221;152&#8243; img_size=&#8221;full&#8221; alignment=&#8221;center&#8221;][vc_column_text]<\/p>\n<p style=\"text-align: center;\">Worn parts replacement<\/p>\n<p>[\/vc_column_text][\/vc_column_inner][\/vc_row_inner][vc_row_inner css=&#8221;.vc_custom_1627380702891{margin-top: 30px !important;}&#8221;][vc_column_inner width=&#8221;1\/2&#8243;][vc_single_image image=&#8221;154&#8243; img_size=&#8221;full&#8221; alignment=&#8221;center&#8221;][vc_column_text]<\/p>\n<p style=\"text-align: center;\">Balancing<\/p>\n<p>[\/vc_column_text][\/vc_column_inner][vc_column_inner width=&#8221;1\/2&#8243;][vc_single_image image=&#8221;156&#8243; img_size=&#8221;full&#8221; alignment=&#8221;center&#8221;][vc_column_text]<\/p>\n<p style=\"text-align: center;\">Flow Measurement<\/p>\n<p>[\/vc_column_text][\/vc_column_inner][\/vc_row_inner][\/vc_column][\/vc_row]<\/p>\n<\/div>","protected":false},"excerpt":{"rendered":"<p>[vc_row][vc_column][vc_column_text]With over 20 years of experience in turbocharger repairs, our consistent investments in the new technology have allowed us to find solutions to some of the most challenging problems that our long term trusted as well as new customers are facing. We offer a wide range of services within the turbocharger servicing sector, covering both&hellip;<\/p>\n","protected":false},"author":1,"featured_media":0,"parent":0,"menu_order":0,"comment_status":"closed","ping_status":"closed","template":"","meta":{"footnotes":""},"class_list":["post-307","page","type-page","status-publish","hentry","description-off"],"yoast_head":"<!-- This site is optimized with the Yoast SEO plugin v24.9 - https:\/\/yoast.com\/wordpress\/plugins\/seo\/ -->\n<title>Turbocharger service - Ive Commerce<\/title>\n<meta name=\"robots\" content=\"index, follow, max-snippet:-1, max-image-preview:large, max-video-preview:-1\" \/>\n<link rel=\"canonical\" href=\"https:\/\/ive-commerce.hr\/en\/servis-turbopunjaca\/\" \/>\n<meta property=\"og:locale\" content=\"en_US\" \/>\n<meta property=\"og:type\" content=\"article\" \/>\n<meta property=\"og:title\" content=\"Turbocharger service - Ive Commerce\" \/>\n<meta property=\"og:description\" content=\"[vc_row][vc_column][vc_column_text]With over 20 years of experience in turbocharger repairs, our consistent investments in the new technology have allowed us to find solutions to some of the most challenging problems that our long term trusted as well as new customers are facing. We offer a wide range of services within the turbocharger servicing sector, covering both&hellip;\" \/>\n<meta property=\"og:url\" content=\"https:\/\/ive-commerce.hr\/servis-turbopunjaca\/\" \/>\n<meta property=\"og:site_name\" content=\"Ive Commerce\" \/>\n<meta property=\"article:modified_time\" content=\"2023-01-07T21:20:06+00:00\" \/>\n<meta name=\"twitter:card\" content=\"summary_large_image\" \/>\n<meta name=\"twitter:label1\" content=\"Est. reading time\" \/>\n\t<meta name=\"twitter:data1\" content=\"1 minute\" \/>\n<script type=\"application\/ld+json\" class=\"yoast-schema-graph\">{\"@context\":\"https:\/\/schema.org\",\"@graph\":[{\"@type\":\"WebPage\",\"@id\":\"https:\/\/ive-commerce.hr\/servis-turbopunjaca\/\",\"url\":\"https:\/\/ive-commerce.hr\/servis-turbopunjaca\/\",\"name\":\"Turbocharger service - Ive Commerce\",\"isPartOf\":{\"@id\":\"https:\/\/ive-commerce.hr\/#website\"},\"datePublished\":\"2021-07-26T17:01:18+00:00\",\"dateModified\":\"2023-01-07T21:20:06+00:00\",\"breadcrumb\":{\"@id\":\"https:\/\/ive-commerce.hr\/servis-turbopunjaca\/#breadcrumb\"},\"inLanguage\":\"en-US\",\"potentialAction\":[{\"@type\":\"ReadAction\",\"target\":[\"https:\/\/ive-commerce.hr\/servis-turbopunjaca\/\"]}]},{\"@type\":\"BreadcrumbList\",\"@id\":\"https:\/\/ive-commerce.hr\/servis-turbopunjaca\/#breadcrumb\",\"itemListElement\":[{\"@type\":\"ListItem\",\"position\":1,\"name\":\"Po\u010detna stranica\",\"item\":\"https:\/\/ive-commerce.hr\/en\/\"},{\"@type\":\"ListItem\",\"position\":2,\"name\":\"Turbocharger service\"}]},{\"@type\":\"WebSite\",\"@id\":\"https:\/\/ive-commerce.hr\/#website\",\"url\":\"https:\/\/ive-commerce.hr\/\",\"name\":\"Ive Commerce\",\"description\":\"Servis Turbopunja\u010da, strojna obrada glava motora, \u010ci\u0161\u0107enje DPF-a\",\"publisher\":{\"@id\":\"https:\/\/ive-commerce.hr\/#organization\"},\"potentialAction\":[{\"@type\":\"SearchAction\",\"target\":{\"@type\":\"EntryPoint\",\"urlTemplate\":\"https:\/\/ive-commerce.hr\/?s={search_term_string}\"},\"query-input\":{\"@type\":\"PropertyValueSpecification\",\"valueRequired\":true,\"valueName\":\"search_term_string\"}}],\"inLanguage\":\"en-US\"},{\"@type\":\"Organization\",\"@id\":\"https:\/\/ive-commerce.hr\/#organization\",\"name\":\"Ive Commerce\",\"url\":\"https:\/\/ive-commerce.hr\/\",\"logo\":{\"@type\":\"ImageObject\",\"inLanguage\":\"en-US\",\"@id\":\"https:\/\/ive-commerce.hr\/#\/schema\/logo\/image\/\",\"url\":\"https:\/\/ive-commerce.hr\/wp-content\/uploads\/2021\/07\/ive-commerce-logo.png\",\"contentUrl\":\"https:\/\/ive-commerce.hr\/wp-content\/uploads\/2021\/07\/ive-commerce-logo.png\",\"width\":321,\"height\":65,\"caption\":\"Ive Commerce\"},\"image\":{\"@id\":\"https:\/\/ive-commerce.hr\/#\/schema\/logo\/image\/\"}}]}<\/script>\n<!-- \/ Yoast SEO plugin. -->","yoast_head_json":{"title":"Turbocharger service - Ive Commerce","robots":{"index":"index","follow":"follow","max-snippet":"max-snippet:-1","max-image-preview":"max-image-preview:large","max-video-preview":"max-video-preview:-1"},"canonical":"https:\/\/ive-commerce.hr\/en\/servis-turbopunjaca\/","og_locale":"en_US","og_type":"article","og_title":"Turbocharger service - Ive Commerce","og_description":"[vc_row][vc_column][vc_column_text]With over 20 years of experience in turbocharger repairs, our consistent investments in the new technology have allowed us to find solutions to some of the most challenging problems that our long term trusted as well as new customers are facing. We offer a wide range of services within the turbocharger servicing sector, covering both&hellip;","og_url":"https:\/\/ive-commerce.hr\/servis-turbopunjaca\/","og_site_name":"Ive Commerce","article_modified_time":"2023-01-07T21:20:06+00:00","twitter_card":"summary_large_image","twitter_misc":{"Est. reading time":"1 minute"},"schema":{"@context":"https:\/\/schema.org","@graph":[{"@type":"WebPage","@id":"https:\/\/ive-commerce.hr\/servis-turbopunjaca\/","url":"https:\/\/ive-commerce.hr\/servis-turbopunjaca\/","name":"Turbocharger service - Ive Commerce","isPartOf":{"@id":"https:\/\/ive-commerce.hr\/#website"},"datePublished":"2021-07-26T17:01:18+00:00","dateModified":"2023-01-07T21:20:06+00:00","breadcrumb":{"@id":"https:\/\/ive-commerce.hr\/servis-turbopunjaca\/#breadcrumb"},"inLanguage":"en-US","potentialAction":[{"@type":"ReadAction","target":["https:\/\/ive-commerce.hr\/servis-turbopunjaca\/"]}]},{"@type":"BreadcrumbList","@id":"https:\/\/ive-commerce.hr\/servis-turbopunjaca\/#breadcrumb","itemListElement":[{"@type":"ListItem","position":1,"name":"Po\u010detna stranica","item":"https:\/\/ive-commerce.hr\/en\/"},{"@type":"ListItem","position":2,"name":"Turbocharger service"}]},{"@type":"WebSite","@id":"https:\/\/ive-commerce.hr\/#website","url":"https:\/\/ive-commerce.hr\/","name":"Ive Commerce","description":"Servis Turbopunja\u010da, strojna obrada glava motora, \u010ci\u0161\u0107enje DPF-a","publisher":{"@id":"https:\/\/ive-commerce.hr\/#organization"},"potentialAction":[{"@type":"SearchAction","target":{"@type":"EntryPoint","urlTemplate":"https:\/\/ive-commerce.hr\/?s={search_term_string}"},"query-input":{"@type":"PropertyValueSpecification","valueRequired":true,"valueName":"search_term_string"}}],"inLanguage":"en-US"},{"@type":"Organization","@id":"https:\/\/ive-commerce.hr\/#organization","name":"Ive Commerce","url":"https:\/\/ive-commerce.hr\/","logo":{"@type":"ImageObject","inLanguage":"en-US","@id":"https:\/\/ive-commerce.hr\/#\/schema\/logo\/image\/","url":"https:\/\/ive-commerce.hr\/wp-content\/uploads\/2021\/07\/ive-commerce-logo.png","contentUrl":"https:\/\/ive-commerce.hr\/wp-content\/uploads\/2021\/07\/ive-commerce-logo.png","width":321,"height":65,"caption":"Ive Commerce"},"image":{"@id":"https:\/\/ive-commerce.hr\/#\/schema\/logo\/image\/"}}]}},"_links":{"self":[{"href":"https:\/\/ive-commerce.hr\/en\/wp-json\/wp\/v2\/pages\/307","targetHints":{"allow":["GET"]}}],"collection":[{"href":"https:\/\/ive-commerce.hr\/en\/wp-json\/wp\/v2\/pages"}],"about":[{"href":"https:\/\/ive-commerce.hr\/en\/wp-json\/wp\/v2\/types\/page"}],"author":[{"embeddable":true,"href":"https:\/\/ive-commerce.hr\/en\/wp-json\/wp\/v2\/users\/1"}],"replies":[{"embeddable":true,"href":"https:\/\/ive-commerce.hr\/en\/wp-json\/wp\/v2\/comments?post=307"}],"version-history":[{"count":14,"href":"https:\/\/ive-commerce.hr\/en\/wp-json\/wp\/v2\/pages\/307\/revisions"}],"predecessor-version":[{"id":544,"href":"https:\/\/ive-commerce.hr\/en\/wp-json\/wp\/v2\/pages\/307\/revisions\/544"}],"wp:attachment":[{"href":"https:\/\/ive-commerce.hr\/en\/wp-json\/wp\/v2\/media?parent=307"}],"curies":[{"name":"wp","href":"https:\/\/api.w.org\/{rel}","templated":true}]}}