{"id":295,"date":"2021-07-17T16:08:13","date_gmt":"2021-07-17T14:08:13","guid":{"rendered":"https:\/\/ive-commerce.hr\/naslovna\/"},"modified":"2025-09-02T12:21:49","modified_gmt":"2025-09-02T10:21:49","slug":"naslovna","status":"publish","type":"page","link":"https:\/\/ive-commerce.hr\/en\/","title":{"rendered":"Home"},"content":{"rendered":"<div class=\"wpb-content-wrapper\"><p>[vc_row full_width=&#8221;stretch_row_content_no_spaces&#8221; equal_height=&#8221;yes&#8221; content_placement=&#8221;middle&#8221;][vc_column width=&#8221;1\/4&#8243;]<div class=\"ult-content-box-container \" >\t\t<div class=\"ult-content-box\" style=\"background-image:url(&#039;https:\/\/ive-commerce.hr\/wp-content\/uploads\/2021\/07\/turbopunjac-banner.jpg&#039;);background-size: cover;background-repeat: no-repeat;background-position: center center;background-color: rgba(0, 0, 0, 0);box-shadow: 5px 5px px px #424242 none;border-style:none;border-width:2px;border-radius:2px;border-color:#1e73be;padding:20px;margin:5px;min-height:375px;-webkit-transition: outline 1000ms linear;-moz-transition: outline 1000ms linear;-ms-transition: outline 1000ms linear;-o-transition: outline 1000ms linear;transition: outline 1000ms linear;\"  data-hover_box_shadow=\"none\"    data-normal_margins=\"margin:5px;\"   data-border_color=\"#1e73be\" >[vc_column_text]<span style=\"color: #f2f2f2;\"><strong>Turbocharger Servicing<\/strong><\/span><\/p>\n<p><span style=\"color: #f2f2f2;\">\u2022 Dissasembly<\/span><br \/>\n<span style=\"color: #f2f2f2;\">\u2022 Cleaning<\/span><br \/>\n<span style=\"color: #f2f2f2;\">\u2022 Damage assement<\/span><br \/>\n<span style=\"color: #f2f2f2;\">\u2022 Worn parts replacement<\/span><br \/>\n<span style=\"color: #f2f2f2;\">\u2022 Certified balancing<\/span><br \/>\n<span style=\"color: #f2f2f2;\">\u2022 Flow measurement<\/span>[\/vc_column_text]<div class=\" ubtn-ctn-left \"><a class=\"ubtn-link ult-adjust-bottom-margin ubtn-left ubtn-mini \" href=\"https:\/\/ive-commerce.hr\/en\/turbocharger-service\/\" title=\"Turbocharger service\" ><button type=\"button\" id=\"ubtn-3410\"  class=\"ubtn ult-adjust-bottom-margin ult-responsive ubtn-mini ubtn-fade-bg  none  ubtn-left   tooltip-69d42a8108393\"  data-hover=\"#ffffff\" data-border-color=\"\" data-bg=\"#0d5689\" data-hover-bg=\"#0ddde8\" data-border-hover=\"\" data-shadow-hover=\"\" data-shadow-click=\"none\" data-shadow=\"\" data-shd-shadow=\"\"  data-ultimate-target='#ubtn-3410'  data-responsive-json-new='{\"font-size\":\"\",\"line-height\":\"\"}'  style=\"font-weight:normal;border:none;background: #0d5689;color: #ffffff;\"><span class=\"ubtn-hover\" style=\"background-color:#0ddde8\"><\/span><span class=\"ubtn-data ubtn-text \" >Read more<\/span><\/button><\/a><\/div>\t\t<\/div><\/div>[\/vc_column][vc_column width=&#8221;1\/4&#8243;]<div class=\"ult-content-box-container \" >\t<a class=\"ult-content-box-anchor\" href=\"https:\/\/ive-commerce.hr\/\" title=\"Naslovna\" >\t\t<div class=\"ult-content-box\" style=\"background-image:url(&#039;https:\/\/ive-commerce.hr\/wp-content\/uploads\/2024\/11\/WhatsApp-Image-2024-11-05-at-17.17.12-1-1016x1024.jpeg&#039;);background-size: cover;background-repeat: no-repeat;background-position: center center;background-color: rgba(0, 0, 0, 0);box-shadow: 5px 5px px px #424242 none;border-style:none;border-width:2px;border-radius:2px;border-color:#1e73be;padding:20px;margin:5px;min-height:375px;-webkit-transition: outline 1000ms linear;-moz-transition: outline 1000ms linear;-ms-transition: outline 1000ms linear;-o-transition: outline 1000ms linear;transition: outline 1000ms linear;\"  data-hover_box_shadow=\"none\"    data-normal_margins=\"margin:5px;\"   data-border_color=\"#1e73be\" >[vc_column_text]<span style=\"color: #f2f2f2;\"><strong>3 Axis CNC Turning (X, Z, C) with Live Tooling<\/strong><\/span><\/p>\n<p><span style=\"color: #f2f2f2;\">\u2022 Production of small to medium-sized series<\/span><span style=\"color: #f2f2f2;\">t<\/span><br \/>\n<span style=\"color: #f2f2f2;\">\u2022 Manufacturing based on samples, sketches, or technical drawings<\/span><br \/>\n<span style=\"color: #f2f2f2;\">\u2022 Enhanced capabilities with C-axis and live tooling<\/span><br \/>\n<span style=\"color: #f2f2f2;\">\u2022 Precision, speed, flexibility, and quality at the forefront<\/span>[\/vc_column_text]<div class=\" ubtn-ctn-left \"><a class=\"ubtn-link ult-adjust-bottom-margin ubtn-left ubtn-mini \" href=\"https:\/\/ive-commerce.hr\/en\/cnc-turning\/\" title=\"CNC Turning\" ><button type=\"button\" id=\"ubtn-9260\"  class=\"ubtn ult-adjust-bottom-margin ult-responsive ubtn-mini ubtn-fade-bg  none  ubtn-left   tooltip-69d42a810898e\"  data-hover=\"#ffffff\" data-border-color=\"\" data-bg=\"#0d5689\" data-hover-bg=\"#0ddde8\" data-border-hover=\"\" data-shadow-hover=\"\" data-shadow-click=\"none\" data-shadow=\"\" data-shd-shadow=\"\"  data-ultimate-target='#ubtn-9260'  data-responsive-json-new='{\"font-size\":\"\",\"line-height\":\"\"}'  style=\"font-weight:normal;border:none;background: #0d5689;color: #ffffff;\"><span class=\"ubtn-hover\" style=\"background-color:#0ddde8\"><\/span><span class=\"ubtn-data ubtn-text \" >Read more<\/span><\/button><\/a><\/div>\t\t<\/div>\t<\/a><\/div>[\/vc_column][vc_column width=&#8221;1\/4&#8243;]<div class=\"ult-content-box-container \" >\t<a class=\"ult-content-box-anchor\" href=\"https:\/\/ive-commerce.hr\/\" title=\"Naslovna\" >\t\t<div class=\"ult-content-box\" style=\"background-image:url(&#039;https:\/\/ive-commerce.hr\/wp-content\/uploads\/2021\/07\/obrada-glava-motora-banner-1.jpg&#039;);background-size: cover;background-repeat: no-repeat;background-position: center center;background-color: rgba(0, 0, 0, 0);box-shadow: 5px 5px px px #424242 none;border-style:none;border-width:2px;border-radius:2px;border-color:#1e73be;padding:20px;margin:5px;min-height:375px;-webkit-transition: outline 1000ms linear;-moz-transition: outline 1000ms linear;-ms-transition: outline 1000ms linear;-o-transition: outline 1000ms linear;transition: outline 1000ms linear;\"  data-hover_box_shadow=\"none\"    data-normal_margins=\"margin:5px;\"   data-border_color=\"#1e73be\" >[vc_column_text]<span style=\"color: #f2f2f2;\"><strong>Cylinder Heads<\/strong><\/span><\/p>\n<p><span style=\"color: #f2f2f2;\">\u2022 Disassembly<\/span><br \/>\n<span style=\"color: #f2f2f2;\">\u2022 Cleaning <\/span><br \/>\n<span style=\"color: #f2f2f2;\">\u2022 Damage assessment<\/span><br \/>\n<span style=\"color: #f2f2f2;\">\u2022 Decking <\/span><br \/>\n<span style=\"color: #f2f2f2;\">\u2022 Replacing and cutting valve seats<\/span><br \/>\n<span style=\"color: #f2f2f2;\">\u2022 Valve guide replacement<\/span><br \/>\n<span style=\"color: #f2f2f2;\">\u2022 Line boring<\/span>[\/vc_column_text]<div class=\" ubtn-ctn-left \"><a class=\"ubtn-link ult-adjust-bottom-margin ubtn-left ubtn-mini \" href=\"https:\/\/ive-commerce.hr\/en\/engine-re-manufacturing\/\" title=\"Engine re-manufacturing\" ><button type=\"button\" id=\"ubtn-3060\"  class=\"ubtn ult-adjust-bottom-margin ult-responsive ubtn-mini ubtn-fade-bg  none  ubtn-left   tooltip-69d42a8108ebe\"  data-hover=\"#ffffff\" data-border-color=\"\" data-bg=\"#0d5689\" data-hover-bg=\"#0ddde8\" data-border-hover=\"\" data-shadow-hover=\"\" data-shadow-click=\"none\" data-shadow=\"\" data-shd-shadow=\"\"  data-ultimate-target='#ubtn-3060'  data-responsive-json-new='{\"font-size\":\"\",\"line-height\":\"\"}'  style=\"font-weight:normal;border:none;background: #0d5689;color: #ffffff;\"><span class=\"ubtn-hover\" style=\"background-color:#0ddde8\"><\/span><span class=\"ubtn-data ubtn-text \" >Read more<\/span><\/button><\/a><\/div>\t\t<\/div>\t<\/a><\/div>[\/vc_column][vc_column width=&#8221;1\/4&#8243;]<div class=\"ult-content-box-container \" >\t<a class=\"ult-content-box-anchor\" href=\"https:\/\/ive-commerce.hr\/\" title=\"Naslovna\" >\t\t<div class=\"ult-content-box\" style=\"background-image:url(&#039;https:\/\/ive-commerce.hr\/wp-content\/uploads\/2021\/07\/obrada-bloka-banner.jpg&#039;);background-size: cover;background-repeat: no-repeat;background-position: center center;background-color: rgba(0, 0, 0, 0);box-shadow: 5px 5px px px #424242 none;border-style:none;border-width:2px;border-radius:2px;border-color:#1e73be;padding:20px;margin:5px;min-height:375px;-webkit-transition: outline 1000ms linear;-moz-transition: outline 1000ms linear;-ms-transition: outline 1000ms linear;-o-transition: outline 1000ms linear;transition: outline 1000ms linear;\"  data-hover_box_shadow=\"none\"    data-normal_margins=\"margin:5px;\"   data-border_color=\"#1e73be\" >[vc_column_text]<span style=\"color: #f2f2f2;\"><strong>Cylinder Blocks<\/strong><\/span><\/p>\n<p><span style=\"color: #f2f2f2;\">\u2022 Cleaning <\/span><br \/>\n<span style=\"color: #f2f2f2;\">\u2022 Damage assessment<\/span><br \/>\n<span style=\"color: #f2f2f2;\">\u2022 Decking <\/span><br \/>\n<span style=\"color: #f2f2f2;\">\u2022 Sleeving<\/span><br \/>\n<span style=\"color: #f2f2f2;\">\u2022 Boring and honing<\/span><br \/>\n<span style=\"color: #f2f2f2;\">\u2022 Line boring<\/span>[\/vc_column_text]<div class=\" ubtn-ctn-left \"><a class=\"ubtn-link ult-adjust-bottom-margin ubtn-left ubtn-mini \" href=\"https:\/\/ive-commerce.hr\/en\/cylinder-blocks-re-manufacturing\/\" title=\"Cylinder blocks re-manufacturing\" ><button type=\"button\" id=\"ubtn-9485\"  class=\"ubtn ult-adjust-bottom-margin ult-responsive ubtn-mini ubtn-fade-bg  none  ubtn-left   tooltip-69d42a810935a\"  data-hover=\"#ffffff\" data-border-color=\"\" data-bg=\"#0d5689\" data-hover-bg=\"#0ddde8\" data-border-hover=\"\" data-shadow-hover=\"\" data-shadow-click=\"none\" data-shadow=\"\" data-shd-shadow=\"\"  data-ultimate-target='#ubtn-9485'  data-responsive-json-new='{\"font-size\":\"\",\"line-height\":\"\"}'  style=\"font-weight:normal;border:none;background: #0d5689;color: #ffffff;\"><span class=\"ubtn-hover\" style=\"background-color:#0ddde8\"><\/span><span class=\"ubtn-data ubtn-text \" >Read more<\/span><\/button><\/a><\/div>\t\t<\/div>\t<\/a><\/div>[\/vc_column][\/vc_row][vc_row full_width=&#8221;stretch_row_content_no_spaces&#8221; equal_height=&#8221;yes&#8221; content_placement=&#8221;middle&#8221;][vc_column width=&#8221;1\/4&#8243;]<div class=\"ult-content-box-container \" >\t<a class=\"ult-content-box-anchor\" href=\"https:\/\/ive-commerce.hr\/\" title=\"Naslovna\" >\t\t<div class=\"ult-content-box\" style=\"background-image:url(&#039;https:\/\/ive-commerce.hr\/wp-content\/uploads\/2021\/07\/radilica-banner.jpg&#039;);background-size: cover;background-repeat: no-repeat;background-position: center center;background-color: rgba(0, 0, 0, 0);box-shadow: 5px 5px px px #424242 none;border-style:none;border-width:2px;border-radius:2px;border-color:#1e73be;padding:20px;margin:5px;min-height:375px;-webkit-transition: outline 1000ms linear;-moz-transition: outline 1000ms linear;-ms-transition: outline 1000ms linear;-o-transition: outline 1000ms linear;transition: outline 1000ms linear;\"  data-hover_box_shadow=\"none\"    data-normal_margins=\"margin:5px;\"   data-border_color=\"#1e73be\" >[vc_column_text]<span style=\"color: #f2f2f2;\"><strong>Crankshafts<\/strong><\/span><\/p>\n<p><span style=\"color: #f2f2f2;\">\u2022 Cleaning <\/span><br \/>\n<span style=\"color: #f2f2f2;\">\u2022 Damage assessment<\/span><br \/>\n<span style=\"color: #f2f2f2;\">\u2022 Grinding<\/span><br \/>\n<span style=\"color: #f2f2f2;\">\u2022 Polishing<\/span>[\/vc_column_text]<div class=\" ubtn-ctn-left \"><a class=\"ubtn-link ult-adjust-bottom-margin ubtn-left ubtn-mini \" href=\"https:\/\/ive-commerce.hr\/en\/crankshafts\/\" title=\"Crankshafts\" ><button type=\"button\" id=\"ubtn-3826\"  class=\"ubtn ult-adjust-bottom-margin ult-responsive ubtn-mini ubtn-fade-bg  none  ubtn-left   tooltip-69d42a8109813\"  data-hover=\"#ffffff\" data-border-color=\"\" data-bg=\"#0d5689\" data-hover-bg=\"#0ddde8\" data-border-hover=\"\" data-shadow-hover=\"\" data-shadow-click=\"none\" data-shadow=\"\" data-shd-shadow=\"\"  data-ultimate-target='#ubtn-3826'  data-responsive-json-new='{\"font-size\":\"\",\"line-height\":\"\"}'  style=\"font-weight:normal;border:none;background: #0d5689;color: #ffffff;\"><span class=\"ubtn-hover\" style=\"background-color:#0ddde8\"><\/span><span class=\"ubtn-data ubtn-text \" >Read more<\/span><\/button><\/a><\/div>\t\t<\/div>\t<\/a><\/div>[\/vc_column][vc_column width=&#8221;1\/4&#8243;][\/vc_column][\/vc_row][vc_row][vc_column width=&#8221;1\/3&#8243;][vc_single_image image=&#8221;411&#8243; img_size=&#8221;full&#8221; alignment=&#8221;center&#8221;][\/vc_column][vc_column width=&#8221;1\/3&#8243;][vc_single_image image=&#8221;610&#8243; img_size=&#8221;full&#8221;][\/vc_column][vc_column width=&#8221;1\/3&#8243;][vc_single_image image=&#8221;615&#8243; img_size=&#8221;full&#8221; alignment=&#8221;center&#8221;][\/vc_column][\/vc_row]<\/p>\n<\/div>","protected":false},"excerpt":{"rendered":"<p>[vc_row full_width=&#8221;stretch_row_content_no_spaces&#8221; equal_height=&#8221;yes&#8221; content_placement=&#8221;middle&#8221;][vc_column width=&#8221;1\/4&#8243;][\/vc_column][vc_column width=&#8221;1\/4&#8243;][\/vc_column][vc_column width=&#8221;1\/4&#8243;][\/vc_column][vc_column width=&#8221;1\/4&#8243;][\/vc_column][\/vc_row][vc_row full_width=&#8221;stretch_row_content_no_spaces&#8221; equal_height=&#8221;yes&#8221; content_placement=&#8221;middle&#8221;][vc_column width=&#8221;1\/4&#8243;][\/vc_column][vc_column width=&#8221;1\/4&#8243;][\/vc_column][\/vc_row][vc_row][vc_column width=&#8221;1\/3&#8243;][vc_single_image image=&#8221;411&#8243; img_size=&#8221;full&#8221; alignment=&#8221;center&#8221;][\/vc_column][vc_column width=&#8221;1\/3&#8243;][vc_single_image image=&#8221;610&#8243; img_size=&#8221;full&#8221;][\/vc_column][vc_column width=&#8221;1\/3&#8243;][vc_single_image image=&#8221;615&#8243; img_size=&#8221;full&#8221; alignment=&#8221;center&#8221;][\/vc_column][\/vc_row]<\/p>\n","protected":false},"author":1,"featured_media":0,"parent":0,"menu_order":0,"comment_status":"closed","ping_status":"closed","template":"","meta":{"footnotes":""},"class_list":["post-295","page","type-page","status-publish","hentry","description-off"],"yoast_head":"<!-- This site is optimized with the Yoast SEO plugin v24.9 - https:\/\/yoast.com\/wordpress\/plugins\/seo\/ -->\n<title>Home - Ive Commerce<\/title>\n<meta name=\"robots\" content=\"index, follow, max-snippet:-1, max-image-preview:large, max-video-preview:-1\" \/>\n<link rel=\"canonical\" href=\"https:\/\/ive-commerce.hr\/en\/\" \/>\n<meta property=\"og:locale\" content=\"en_US\" \/>\n<meta property=\"og:type\" content=\"article\" \/>\n<meta property=\"og:title\" content=\"Home - Ive Commerce\" \/>\n<meta property=\"og:description\" content=\"[vc_row full_width=&#8221;stretch_row_content_no_spaces&#8221; equal_height=&#8221;yes&#8221; content_placement=&#8221;middle&#8221;][vc_column width=&#8221;1\/4&#8243;][\/vc_column][vc_column width=&#8221;1\/4&#8243;][\/vc_column][vc_column width=&#8221;1\/4&#8243;][\/vc_column][vc_column width=&#8221;1\/4&#8243;][\/vc_column][\/vc_row][vc_row full_width=&#8221;stretch_row_content_no_spaces&#8221; equal_height=&#8221;yes&#8221; content_placement=&#8221;middle&#8221;][vc_column width=&#8221;1\/4&#8243;][\/vc_column][vc_column width=&#8221;1\/4&#8243;][\/vc_column][\/vc_row][vc_row][vc_column width=&#8221;1\/3&#8243;][vc_single_image image=&#8221;411&#8243; img_size=&#8221;full&#8221; alignment=&#8221;center&#8221;][\/vc_column][vc_column width=&#8221;1\/3&#8243;][vc_single_image image=&#8221;610&#8243; img_size=&#8221;full&#8221;][\/vc_column][vc_column width=&#8221;1\/3&#8243;][vc_single_image image=&#8221;615&#8243; img_size=&#8221;full&#8221; alignment=&#8221;center&#8221;][\/vc_column][\/vc_row]\" \/>\n<meta property=\"og:url\" content=\"https:\/\/ive-commerce.hr\/en\/\" \/>\n<meta property=\"og:site_name\" content=\"Ive Commerce\" \/>\n<meta property=\"article:modified_time\" content=\"2025-09-02T10:21:49+00:00\" \/>\n<meta name=\"twitter:card\" content=\"summary_large_image\" \/>\n<meta name=\"twitter:label1\" content=\"Est. reading time\" \/>\n\t<meta name=\"twitter:data1\" content=\"2 minutes\" \/>\n<script type=\"application\/ld+json\" class=\"yoast-schema-graph\">{\"@context\":\"https:\/\/schema.org\",\"@graph\":[{\"@type\":\"WebPage\",\"@id\":\"https:\/\/ive-commerce.hr\/en\/\",\"url\":\"https:\/\/ive-commerce.hr\/en\/\",\"name\":\"Home - Ive Commerce\",\"isPartOf\":{\"@id\":\"https:\/\/ive-commerce.hr\/#website\"},\"datePublished\":\"2021-07-17T14:08:13+00:00\",\"dateModified\":\"2025-09-02T10:21:49+00:00\",\"breadcrumb\":{\"@id\":\"https:\/\/ive-commerce.hr\/en\/#breadcrumb\"},\"inLanguage\":\"en-US\",\"potentialAction\":[{\"@type\":\"ReadAction\",\"target\":[\"https:\/\/ive-commerce.hr\/en\/\"]}]},{\"@type\":\"BreadcrumbList\",\"@id\":\"https:\/\/ive-commerce.hr\/en\/#breadcrumb\",\"itemListElement\":[{\"@type\":\"ListItem\",\"position\":1,\"name\":\"Po\u010detna stranica\",\"item\":\"https:\/\/ive-commerce.hr\/en\/\"},{\"@type\":\"ListItem\",\"position\":2,\"name\":\"Home\"}]},{\"@type\":\"WebSite\",\"@id\":\"https:\/\/ive-commerce.hr\/#website\",\"url\":\"https:\/\/ive-commerce.hr\/\",\"name\":\"Ive Commerce\",\"description\":\"Servis Turbopunja\u010da, strojna obrada glava motora, \u010ci\u0161\u0107enje DPF-a\",\"publisher\":{\"@id\":\"https:\/\/ive-commerce.hr\/#organization\"},\"potentialAction\":[{\"@type\":\"SearchAction\",\"target\":{\"@type\":\"EntryPoint\",\"urlTemplate\":\"https:\/\/ive-commerce.hr\/?s={search_term_string}\"},\"query-input\":{\"@type\":\"PropertyValueSpecification\",\"valueRequired\":true,\"valueName\":\"search_term_string\"}}],\"inLanguage\":\"en-US\"},{\"@type\":\"Organization\",\"@id\":\"https:\/\/ive-commerce.hr\/#organization\",\"name\":\"Ive Commerce\",\"url\":\"https:\/\/ive-commerce.hr\/\",\"logo\":{\"@type\":\"ImageObject\",\"inLanguage\":\"en-US\",\"@id\":\"https:\/\/ive-commerce.hr\/#\/schema\/logo\/image\/\",\"url\":\"https:\/\/ive-commerce.hr\/wp-content\/uploads\/2021\/07\/ive-commerce-logo.png\",\"contentUrl\":\"https:\/\/ive-commerce.hr\/wp-content\/uploads\/2021\/07\/ive-commerce-logo.png\",\"width\":321,\"height\":65,\"caption\":\"Ive Commerce\"},\"image\":{\"@id\":\"https:\/\/ive-commerce.hr\/#\/schema\/logo\/image\/\"}}]}<\/script>\n<!-- \/ Yoast SEO plugin. -->","yoast_head_json":{"title":"Home - Ive Commerce","robots":{"index":"index","follow":"follow","max-snippet":"max-snippet:-1","max-image-preview":"max-image-preview:large","max-video-preview":"max-video-preview:-1"},"canonical":"https:\/\/ive-commerce.hr\/en\/","og_locale":"en_US","og_type":"article","og_title":"Home - Ive Commerce","og_description":"[vc_row full_width=&#8221;stretch_row_content_no_spaces&#8221; equal_height=&#8221;yes&#8221; content_placement=&#8221;middle&#8221;][vc_column width=&#8221;1\/4&#8243;][\/vc_column][vc_column width=&#8221;1\/4&#8243;][\/vc_column][vc_column width=&#8221;1\/4&#8243;][\/vc_column][vc_column width=&#8221;1\/4&#8243;][\/vc_column][\/vc_row][vc_row full_width=&#8221;stretch_row_content_no_spaces&#8221; equal_height=&#8221;yes&#8221; content_placement=&#8221;middle&#8221;][vc_column width=&#8221;1\/4&#8243;][\/vc_column][vc_column width=&#8221;1\/4&#8243;][\/vc_column][\/vc_row][vc_row][vc_column width=&#8221;1\/3&#8243;][vc_single_image image=&#8221;411&#8243; img_size=&#8221;full&#8221; alignment=&#8221;center&#8221;][\/vc_column][vc_column width=&#8221;1\/3&#8243;][vc_single_image image=&#8221;610&#8243; img_size=&#8221;full&#8221;][\/vc_column][vc_column width=&#8221;1\/3&#8243;][vc_single_image image=&#8221;615&#8243; img_size=&#8221;full&#8221; alignment=&#8221;center&#8221;][\/vc_column][\/vc_row]","og_url":"https:\/\/ive-commerce.hr\/en\/","og_site_name":"Ive Commerce","article_modified_time":"2025-09-02T10:21:49+00:00","twitter_card":"summary_large_image","twitter_misc":{"Est. reading time":"2 minutes"},"schema":{"@context":"https:\/\/schema.org","@graph":[{"@type":"WebPage","@id":"https:\/\/ive-commerce.hr\/en\/","url":"https:\/\/ive-commerce.hr\/en\/","name":"Home - Ive Commerce","isPartOf":{"@id":"https:\/\/ive-commerce.hr\/#website"},"datePublished":"2021-07-17T14:08:13+00:00","dateModified":"2025-09-02T10:21:49+00:00","breadcrumb":{"@id":"https:\/\/ive-commerce.hr\/en\/#breadcrumb"},"inLanguage":"en-US","potentialAction":[{"@type":"ReadAction","target":["https:\/\/ive-commerce.hr\/en\/"]}]},{"@type":"BreadcrumbList","@id":"https:\/\/ive-commerce.hr\/en\/#breadcrumb","itemListElement":[{"@type":"ListItem","position":1,"name":"Po\u010detna stranica","item":"https:\/\/ive-commerce.hr\/en\/"},{"@type":"ListItem","position":2,"name":"Home"}]},{"@type":"WebSite","@id":"https:\/\/ive-commerce.hr\/#website","url":"https:\/\/ive-commerce.hr\/","name":"Ive Commerce","description":"Servis Turbopunja\u010da, strojna obrada glava motora, \u010ci\u0161\u0107enje DPF-a","publisher":{"@id":"https:\/\/ive-commerce.hr\/#organization"},"potentialAction":[{"@type":"SearchAction","target":{"@type":"EntryPoint","urlTemplate":"https:\/\/ive-commerce.hr\/?s={search_term_string}"},"query-input":{"@type":"PropertyValueSpecification","valueRequired":true,"valueName":"search_term_string"}}],"inLanguage":"en-US"},{"@type":"Organization","@id":"https:\/\/ive-commerce.hr\/#organization","name":"Ive Commerce","url":"https:\/\/ive-commerce.hr\/","logo":{"@type":"ImageObject","inLanguage":"en-US","@id":"https:\/\/ive-commerce.hr\/#\/schema\/logo\/image\/","url":"https:\/\/ive-commerce.hr\/wp-content\/uploads\/2021\/07\/ive-commerce-logo.png","contentUrl":"https:\/\/ive-commerce.hr\/wp-content\/uploads\/2021\/07\/ive-commerce-logo.png","width":321,"height":65,"caption":"Ive Commerce"},"image":{"@id":"https:\/\/ive-commerce.hr\/#\/schema\/logo\/image\/"}}]}},"_links":{"self":[{"href":"https:\/\/ive-commerce.hr\/en\/wp-json\/wp\/v2\/pages\/295","targetHints":{"allow":["GET"]}}],"collection":[{"href":"https:\/\/ive-commerce.hr\/en\/wp-json\/wp\/v2\/pages"}],"about":[{"href":"https:\/\/ive-commerce.hr\/en\/wp-json\/wp\/v2\/types\/page"}],"author":[{"embeddable":true,"href":"https:\/\/ive-commerce.hr\/en\/wp-json\/wp\/v2\/users\/1"}],"replies":[{"embeddable":true,"href":"https:\/\/ive-commerce.hr\/en\/wp-json\/wp\/v2\/comments?post=295"}],"version-history":[{"count":22,"href":"https:\/\/ive-commerce.hr\/en\/wp-json\/wp\/v2\/pages\/295\/revisions"}],"predecessor-version":[{"id":767,"href":"https:\/\/ive-commerce.hr\/en\/wp-json\/wp\/v2\/pages\/295\/revisions\/767"}],"wp:attachment":[{"href":"https:\/\/ive-commerce.hr\/en\/wp-json\/wp\/v2\/media?parent=295"}],"curies":[{"name":"wp","href":"https:\/\/api.w.org\/{rel}","templated":true}]}}